{"id":856,"date":"2021-10-29T12:58:08","date_gmt":"2021-10-29T15:58:08","guid":{"rendered":"https:\/\/verouvindo.com.br\/final\/?page_id=856"},"modified":"2022-09-21T23:58:38","modified_gmt":"2022-09-22T02:58:38","slug":"premiacoes","status":"publish","type":"page","link":"https:\/\/verouvindo.com.br\/6verouvindo\/premiacoes\/","title":{"rendered":"Premia\u00e7\u00f5es"},"content":{"rendered":"<h4><strong>Ser\u00e3o concedidos seis pr\u00eamios para filmes de curta metragem de acordo com as seguintes categorias:<\/strong><\/h4>\n<p>Melhor audiodescri\u00e7\u00e3o\/Tals de fic\u00e7\u00e3o<br \/>\nMelhor audiodescri\u00e7\u00e3o\/ Tals de document\u00e1rio<br \/>\nMelhor audiodescri\u00e7\u00e3o\/ Tals de anima\u00e7\u00e3o<\/p>\n<p>&nbsp;<\/p>\n<h4><strong>Al\u00e9m da premia\u00e7\u00e3o eleita pelo j\u00fari popular:<\/strong><\/h4>\n<p>Melhor audiodescri\u00e7\u00e3o\/ Tals \u00a0pelo j\u00fari popular<br \/>\nMelhor Tals pelo j\u00fari popular<\/p>\n<p>&nbsp;<\/p>\n<h4><strong>PR\u00caMIO VEROUVINDO DE SERVI\u00c7O DE ACESSIBILIDADES<\/strong><\/h4>\n<p>A cada edi\u00e7\u00e3o, a curadoria seleciona tr\u00eas filmes pernambucanos de curta-metragem para premiar com a produ\u00e7\u00e3o das tr\u00eas acessibilidades.<\/p>\n","protected":false},"excerpt":{"rendered":"<p>Ser\u00e3o concedidos seis pr\u00eamios para filmes de curta metragem de acordo com as seguintes categorias: Melhor audiodescri\u00e7\u00e3o\/Tals de fic\u00e7\u00e3o Melhor audiodescri\u00e7\u00e3o\/ Tals de document\u00e1rio Melhor audiodescri\u00e7\u00e3o\/ Tals de anima\u00e7\u00e3o &nbsp; Al\u00e9m da premia\u00e7\u00e3o eleita pelo j\u00fari popular: Melhor audiodescri\u00e7\u00e3o\/ Tals \u00a0pelo j\u00fari popular Melhor Tals pelo j\u00fari popular &nbsp; PR\u00caMIO VEROUVINDO DE SERVI\u00c7O DE ACESSIBILIDADES [&hellip;]<\/p>\n","protected":false},"author":4,"featured_media":0,"parent":0,"menu_order":0,"comment_status":"closed","ping_status":"closed","template":"","meta":[],"_links":{"self":[{"href":"https:\/\/verouvindo.com.br\/6verouvindo\/wp-json\/wp\/v2\/pages\/856"}],"collection":[{"href":"https:\/\/verouvindo.com.br\/6verouvindo\/wp-json\/wp\/v2\/pages"}],"about":[{"href":"https:\/\/verouvindo.com.br\/6verouvindo\/wp-json\/wp\/v2\/types\/page"}],"author":[{"embeddable":true,"href":"https:\/\/verouvindo.com.br\/6verouvindo\/wp-json\/wp\/v2\/users\/4"}],"replies":[{"embeddable":true,"href":"https:\/\/verouvindo.com.br\/6verouvindo\/wp-json\/wp\/v2\/comments?post=856"}],"version-history":[{"count":5,"href":"https:\/\/verouvindo.com.br\/6verouvindo\/wp-json\/wp\/v2\/pages\/856\/revisions"}],"predecessor-version":[{"id":1452,"href":"https:\/\/verouvindo.com.br\/6verouvindo\/wp-json\/wp\/v2\/pages\/856\/revisions\/1452"}],"wp:attachment":[{"href":"https:\/\/verouvindo.com.br\/6verouvindo\/wp-json\/wp\/v2\/media?parent=856"}],"curies":[{"name":"wp","href":"https:\/\/api.w.org\/{rel}","templated":true}]}}