{"id":615,"date":"2021-10-12T11:55:51","date_gmt":"2021-10-12T14:55:51","guid":{"rendered":"http:\/\/localhost:8080\/wp-verouvindo-def\/?page_id=615"},"modified":"2022-09-21T23:51:02","modified_gmt":"2022-09-22T02:51:02","slug":"homenagens","status":"publish","type":"page","link":"https:\/\/verouvindo.com.br\/6verouvindo\/homenagens\/","title":{"rendered":"Homenagens"},"content":{"rendered":"<p>A sexta edi\u00e7\u00e3o do VerOuvindo homenageia <strong>Bell Machado<\/strong>, pioneira em audiodescri\u00e7\u00e3o no audiovisual, <strong>Jonatas Medeiros<\/strong> um expoente na Libras para o audiovisual e <strong>Jeorge Pereira<\/strong>, in memorian, um dos nossos curadores e participante ativo. Bell e Jonatas v\u00e3o estar presencialmente conosco potencializando as discuss\u00f5es e compartilhando suas experi\u00eancias por meio de uma masterclass.<\/p>\n","protected":false},"excerpt":{"rendered":"<p>A sexta edi\u00e7\u00e3o do VerOuvindo homenageia Bell Machado, pioneira em audiodescri\u00e7\u00e3o no audiovisual, Jonatas Medeiros um expoente na Libras para o audiovisual e Jeorge Pereira, in memorian, um dos nossos curadores e participante ativo. Bell e Jonatas v\u00e3o estar presencialmente conosco potencializando as discuss\u00f5es e compartilhando suas experi\u00eancias por meio de uma masterclass.<\/p>\n","protected":false},"author":4,"featured_media":0,"parent":0,"menu_order":0,"comment_status":"closed","ping_status":"closed","template":"page-members.php","meta":[],"_links":{"self":[{"href":"https:\/\/verouvindo.com.br\/6verouvindo\/wp-json\/wp\/v2\/pages\/615"}],"collection":[{"href":"https:\/\/verouvindo.com.br\/6verouvindo\/wp-json\/wp\/v2\/pages"}],"about":[{"href":"https:\/\/verouvindo.com.br\/6verouvindo\/wp-json\/wp\/v2\/types\/page"}],"author":[{"embeddable":true,"href":"https:\/\/verouvindo.com.br\/6verouvindo\/wp-json\/wp\/v2\/users\/4"}],"replies":[{"embeddable":true,"href":"https:\/\/verouvindo.com.br\/6verouvindo\/wp-json\/wp\/v2\/comments?post=615"}],"version-history":[{"count":13,"href":"https:\/\/verouvindo.com.br\/6verouvindo\/wp-json\/wp\/v2\/pages\/615\/revisions"}],"predecessor-version":[{"id":1366,"href":"https:\/\/verouvindo.com.br\/6verouvindo\/wp-json\/wp\/v2\/pages\/615\/revisions\/1366"}],"wp:attachment":[{"href":"https:\/\/verouvindo.com.br\/6verouvindo\/wp-json\/wp\/v2\/media?parent=615"}],"curies":[{"name":"wp","href":"https:\/\/api.w.org\/{rel}","templated":true}]}}