{"id":611,"date":"2021-10-12T11:52:35","date_gmt":"2021-10-12T14:52:35","guid":{"rendered":"http:\/\/localhost:8080\/wp-verouvindo-def\/?page_id=611"},"modified":"2022-09-21T23:54:48","modified_gmt":"2022-09-22T02:54:48","slug":"juri","status":"publish","type":"page","link":"https:\/\/verouvindo.com.br\/6verouvindo\/juri\/","title":{"rendered":"J\u00fari"},"content":{"rendered":"<h4><strong>Nosso j\u00fari cresceu. Agora s\u00e3o seis jurados t\u00e9cnicos especialistas para avaliar as produ\u00e7\u00f5es das mostras competitivas de Libras e audiodescri\u00e7\u00e3o.<\/strong><\/h4>\n<p>Eles estar\u00e3o presentes no festival para enriquecer ainda mais os debates. Pela primeira vez, teremos a \u201cMesa do j\u00fari\u201d, encontro para comentar sobre os curtas em competi\u00e7\u00e3o deste ano.<\/p>\n<p>&nbsp;<\/p>\n<hr \/>\n<p>&nbsp;<\/p>\n<h2><strong>J\u00fari Popular<\/strong><\/h2>\n<p>O j\u00fari popular concede dois pr\u00eamios aos participantes das Mostras Competitivas de Curtas: Melhor do J\u00fari Popular Presencial, e o de Melhor do J\u00fari Popular Na Rede. A vota\u00e7\u00e3o presencial ser\u00e1 feita pela plateia presente durante as sess\u00f5es no cinema, por meio de c\u00e9dulas impressas em tinta, em fonte ampliada, ou em braile. A vota\u00e7\u00e3o Na Rede ser\u00e1 feita no site do festival mediante uma breve inscri\u00e7\u00e3o do p\u00fablico on-line.<\/p>\n","protected":false},"excerpt":{"rendered":"<p>Nosso j\u00fari cresceu. Agora s\u00e3o seis jurados t\u00e9cnicos especialistas para avaliar as produ\u00e7\u00f5es das mostras competitivas de Libras e audiodescri\u00e7\u00e3o. Eles estar\u00e3o presentes no festival para enriquecer ainda mais os debates. Pela primeira vez, teremos a \u201cMesa do j\u00fari\u201d, encontro para comentar sobre os curtas em competi\u00e7\u00e3o deste ano. &nbsp; &nbsp; J\u00fari Popular O j\u00fari [&hellip;]<\/p>\n","protected":false},"author":4,"featured_media":0,"parent":0,"menu_order":0,"comment_status":"closed","ping_status":"closed","template":"page-members.php","meta":[],"_links":{"self":[{"href":"https:\/\/verouvindo.com.br\/6verouvindo\/wp-json\/wp\/v2\/pages\/611"}],"collection":[{"href":"https:\/\/verouvindo.com.br\/6verouvindo\/wp-json\/wp\/v2\/pages"}],"about":[{"href":"https:\/\/verouvindo.com.br\/6verouvindo\/wp-json\/wp\/v2\/types\/page"}],"author":[{"embeddable":true,"href":"https:\/\/verouvindo.com.br\/6verouvindo\/wp-json\/wp\/v2\/users\/4"}],"replies":[{"embeddable":true,"href":"https:\/\/verouvindo.com.br\/6verouvindo\/wp-json\/wp\/v2\/comments?post=611"}],"version-history":[{"count":32,"href":"https:\/\/verouvindo.com.br\/6verouvindo\/wp-json\/wp\/v2\/pages\/611\/revisions"}],"predecessor-version":[{"id":855,"href":"https:\/\/verouvindo.com.br\/6verouvindo\/wp-json\/wp\/v2\/pages\/611\/revisions\/855"}],"wp:attachment":[{"href":"https:\/\/verouvindo.com.br\/6verouvindo\/wp-json\/wp\/v2\/media?parent=611"}],"curies":[{"name":"wp","href":"https:\/\/api.w.org\/{rel}","templated":true}]}}