{"id":1111,"date":"2021-11-08T10:55:09","date_gmt":"2021-11-08T13:55:09","guid":{"rendered":"https:\/\/verouvindo.com.br\/?page_id=1111"},"modified":"2022-09-22T00:09:54","modified_gmt":"2022-09-22T03:09:54","slug":"jornada-verouvindo-paineis","status":"publish","type":"page","link":"https:\/\/verouvindo.com.br\/6verouvindo\/jornada-verouvindo-paineis\/","title":{"rendered":"Pain\u00e9is de Comunica\u00e7\u00e3o"},"content":{"rendered":"<h4><strong class=\"text-primary\">13\/11 \u00e0s 14h &#8211; PAINEL de Comunica\u00e7\u00e3o 1 (Na Rede)<\/strong><br \/>\n<span class=\"fs-5\">Media\u00e7\u00e3o: T\u00falio Rodrigues (Festival VerOuvindo)<\/span><\/h4>\n<hr \/>\n<p><strong>A audiodescri\u00e7\u00e3o para filmes pornogr\u00e1ficos<\/strong><br \/>\nVirginia Maria Barcellos e Felipe Vieira Monteiro<\/p>\n<p>Saiba Mais: <strong><a href=\"https:\/\/verouvindo.com.br\/wp-content\/uploads\/2021\/11\/a-audiodescricao-para-filmes-pornograficos.pdf\" target=\"_blank\" rel=\"noopener\">Ver Resumo<\/a><\/strong><\/p>\n<hr \/>\n<p><strong>Acessibilidade audiovisual criativa: trazendo os recursos de acessibilidade para dentro da est\u00e9tica do v\u00eddeo<\/strong><br \/>\nFl\u00e1via Oliveira Machado<\/p>\n<p>Saiba Mais: <strong><a href=\"https:\/\/verouvindo.com.br\/wp-content\/uploads\/2021\/11\/acessibilidade-audiovisual-criativa.pdf\" target=\"_blank\" rel=\"noopener\">Ver Resumo<\/a><\/strong><\/p>\n<hr \/>\n<p><strong>Inclus\u00e3o \u00e0 margem: experi\u00eancias no festival de cinema acess\u00edvel em Bragan\u00e7a, Portugal<\/strong><br \/>\nIngrid Souza de Freitas e Cl\u00e1udia Susana Nunes Martins<\/p>\n<p>Saiba Mais: <strong><a href=\"https:\/\/verouvindo.com.br\/wp-content\/uploads\/2021\/11\/inclusao-a-margem.pdf\" target=\"_blank\" rel=\"noopener\">Ver Resumo<\/a><\/strong><\/p>\n<hr \/>\n<p><strong>Narra\u00e7\u00e3o em v\u00eddeodan\u00e7a<\/strong><br \/>\nAndr\u00e9ia Paiva de Ara\u00fajo Ferreira<\/p>\n<p>Saiba Mais:<strong> <a href=\"https:\/\/verouvindo.com.br\/wp-content\/uploads\/2021\/11\/narracao-em-videodanca.pdf\" target=\"_blank\" rel=\"noopener\">Ver Resumo<\/a><\/strong><\/p>\n<hr \/>\n<p><strong>\u201cSegunda chamada\u201d: uma proposta de audiodescri\u00e7\u00f5es para a caracteriza\u00e7\u00e3o de personagens<\/strong><br \/>\nIsabeli Bov\u00e9rio dos Santos e Leila Maria Gumushian Felipini<\/p>\n<p>Saiba Mais: <strong><a href=\"https:\/\/verouvindo.com.br\/wp-content\/uploads\/2021\/11\/segunda-chamada.pdf\" target=\"_blank\" rel=\"noopener\">Ver Resumo<\/a><\/strong><\/p>\n<p>&nbsp;<\/p>\n<p>&nbsp;<\/p>\n<h4><strong class=\"text-primary\">13\/11 \u00e0s 15h30 &#8211; PAINEL de Comunica\u00e7\u00e3o 2 (Na Rede)<\/strong><br \/>\n<span class=\"fs-5\">Media\u00e7\u00e3o: Michelle Alheiros (Festival VerOuvindo)<\/span><\/h4>\n<hr \/>\n<p><strong>A acessibilidade em plataformas multim\u00eddia com locu\u00e7\u00e3o audiodescritiva para o futebol<\/strong><br \/>\nMarcos Alexandre Sena da Silva<\/p>\n<p>Saiba Mais: <strong><a href=\"https:\/\/verouvindo.com.br\/wp-content\/uploads\/2021\/11\/a-acessibilidade-em-plataformas-multimidia-com-locucao-audiodescritiva-para-o-futebol.pdf\" target=\"_blank\" rel=\"noopener\">Ver Resumo<\/a><\/strong><\/p>\n<hr \/>\n<p><strong>Afecto \u2013 Audiodescri\u00e7\u00e3o po\u00e9tica e integrada<\/strong><br \/>\nPedro Orlando Vale<\/p>\n<p>Saiba Mais: <strong><a href=\"https:\/\/verouvindo.com.br\/wp-content\/uploads\/2021\/11\/afecto-audiodescricao-poetica-e-integrada.pdf\" target=\"_blank\" rel=\"noopener\">Ver Resumo<\/a><\/strong><\/p>\n<hr \/>\n<p><strong>O planeta AD<\/strong><br \/>\nFabr\u00edcio Branchini Beltramini e Mariana Sabino P. Galv\u00e3o<\/p>\n<p>Saiba Mais: <strong><a href=\"https:\/\/verouvindo.com.br\/wp-content\/uploads\/2021\/11\/o-planeta-ad.pdf\" target=\"_blank\" rel=\"noopener\">Ver Resumo<\/a><\/strong><\/p>\n<hr \/>\n<p><strong>Papo com legenda, projeto de podcast acess\u00edvel<\/strong><br \/>\nLucinea Marcelino Villela<\/p>\n<p>Saiba Mais: <strong><a href=\"https:\/\/verouvindo.com.br\/wp-content\/uploads\/2021\/11\/papo-com-legenda-projeto-de-podcast-acessivel.pdf\" target=\"_blank\" rel=\"noopener\">Ver Resumo<\/a><\/strong><\/p>\n<hr \/>\n<p><strong><br \/>\nTradu\u00e7\u00e3o audiovisual: audiodescri\u00e7\u00e3o como recurso de acessibilidade para pessoas inclusas no espectro autista \u2013 TEA<\/strong><br \/>\nLarissa Souza Nunes e Leila Maria Gumushian Felipini<\/p>\n<p>Saiba Mais: <strong><a href=\"https:\/\/verouvindo.com.br\/wp-content\/uploads\/2021\/11\/traducao-audiovisual.pdf\" target=\"_blank\" rel=\"noopener\">Ver Resumo<\/a><\/strong><\/p>\n<hr \/>\n<p><strong>Charges acess\u00edveis bil\u00edngues<\/strong><br \/>\nDeise M\u00f4nica Medina Silveira e Felipe Vieira Monteiro<\/p>\n<p>Saiba Mais: <strong><a href=\"https:\/\/verouvindo.com.br\/wp-content\/uploads\/2021\/11\/charges-acessiveis-bilingues.pdf\" target=\"_blank\" rel=\"noopener\">Ver Resumo<\/a><\/strong><\/p>\n<p>&nbsp;<\/p>\n<p>&nbsp;<\/p>\n<h4><strong class=\"text-primary\">14\/11 \u00e0s 14h &#8211; PAINEL de Comunica\u00e7\u00e3o (Presencial)<\/strong><br \/>\n<span class=\"fs-5\">Media\u00e7\u00e3o: Liliana Tavares (Festival VerOuvindo)<\/span><\/h4>\n<p><strong>Local: Cinema da Funda\u00e7\u00e3o Derby<\/strong><\/p>\n<hr \/>\n<p><strong>Curva sinuosa<\/strong><br \/>\nJ\u00e9ssica Teixeira<\/p>\n<p>Saiba Mais: <strong><a href=\"https:\/\/verouvindo.com.br\/wp-content\/uploads\/2021\/11\/curva-sinuosa.pdf\" target=\"_blank\" rel=\"noopener\">Ver Resumo<\/a><\/strong><\/p>\n<hr \/>\n<p><strong>Dupla consultoria ou consultoria em dupla? a experi\u00eancia de dois audiodescritores consultores com baixa vis\u00e3o na produ\u00e7\u00e3o do roteiro de AD do curta metragem Por entre as frestas<\/strong><br \/>\nRafael Braz e Manoel Jos\u00e9 Passos Negraes<\/p>\n<p>Saiba Mais: <strong><a href=\"https:\/\/verouvindo.com.br\/wp-content\/uploads\/2021\/11\/dupla-consultoria-ou-consultoria-em-dupla.pdf\" target=\"_blank\" rel=\"noopener\">Ver Resumo<\/a><\/strong><\/p>\n<hr \/>\n<p><strong>O audiodescritor consultor como formador em cursos de AD para conte\u00fados audiovisuais<\/strong><br \/>\nRafael Braz<\/p>\n<p>Saiba Mais: <strong><a href=\"https:\/\/verouvindo.com.br\/wp-content\/uploads\/2021\/11\/o-audiodescritor-consultor-como-formador-em-cursos-de-ad-para-conteudos-audiovisuais.pdf\" target=\"_blank\" rel=\"noopener\">Ver Resumo<\/a><\/strong><\/p>\n<hr \/>\n<p><strong>Para ver com outros olhares: Festival de Cinema Urbanocine<\/strong><br \/>\nMayara Bezerra Jer\u00f4nimo da Silva Barreto e Jefferson Fernandes Alves<\/p>\n<p>Saiba Mais: <strong><a href=\"https:\/\/verouvindo.com.br\/wp-content\/uploads\/2021\/11\/para-ver-com-outros-olhares-festival-de-cinema-urbanocine.pdf\" target=\"_blank\" rel=\"noopener\">Ver Resumo<\/a><\/strong><\/p>\n<hr \/>\n<p><strong>Podcast Sexagenarte \u2013 a vida n\u00e3o para: das mem\u00f3rias \u00e0 escuta<\/strong><br \/>\nRodrigo Sacco Flores Almeida Teixeira<\/p>\n<p>Saiba Mais: <strong><a href=\"https:\/\/verouvindo.com.br\/wp-content\/uploads\/2021\/11\/podcast-sexagenarte.pdf\" target=\"_blank\" rel=\"noopener\">Ver Resumo<\/a><\/strong><\/p>\n<hr \/>\n<p><strong>Produ\u00e7\u00e3o de legenda descritiva com consultoria: pr\u00e1ticas de trabalho de uma legendista com um consultor de legendas<\/strong><br \/>\nMarcelo de Carvalho Pedrosa e Fl\u00e1via Machado<\/p>\n<p>Saiba Mais: <strong><a href=\"https:\/\/verouvindo.com.br\/wp-content\/uploads\/2021\/11\/producao-de-legenda-descritiva-com-consultoria.pdf\" target=\"_blank\" rel=\"noopener\">Ver Resumo<\/a><\/strong><\/p>\n<hr \/>\n<p><strong>VerOuvindo em telas e feeds: possibilidades pedag\u00f3gicas<\/strong><br \/>\nAroma Bandeira e Ana Beatriz Gomes Carvalho<\/p>\n<p>Saiba Mais: <strong><a href=\"https:\/\/verouvindo.com.br\/wp-content\/uploads\/2021\/11\/verouvindo-em-telas-e-feeds.pdf\" target=\"_blank\" rel=\"noopener\">Ver Resumo<\/a><\/strong><\/p>\n<hr \/>\n<p><strong>Videoclipe \u00datero, com audiodescri\u00e7\u00e3o<\/strong><br \/>\nDanielle Fran\u00e7a<\/p>\n<p>Saiba Mais: <strong><a href=\"https:\/\/verouvindo.com.br\/wp-content\/uploads\/2021\/11\/videoclipe-utero-com-audiodescricao.pdf\" target=\"_blank\" rel=\"noopener\">Ver Resumo<\/a><\/strong><\/p>\n","protected":false},"excerpt":{"rendered":"<p>13\/11 \u00e0s 14h &#8211; PAINEL de Comunica\u00e7\u00e3o 1 (Na Rede) Media\u00e7\u00e3o: T\u00falio Rodrigues (Festival VerOuvindo) A audiodescri\u00e7\u00e3o para filmes pornogr\u00e1ficos Virginia Maria Barcellos e Felipe Vieira Monteiro Saiba Mais: Ver Resumo Acessibilidade audiovisual criativa: trazendo os recursos de acessibilidade para dentro da est\u00e9tica do v\u00eddeo Fl\u00e1via Oliveira Machado Saiba Mais: Ver Resumo Inclus\u00e3o \u00e0 margem: [&hellip;]<\/p>\n","protected":false},"author":4,"featured_media":0,"parent":0,"menu_order":0,"comment_status":"closed","ping_status":"closed","template":"","meta":[],"_links":{"self":[{"href":"https:\/\/verouvindo.com.br\/6verouvindo\/wp-json\/wp\/v2\/pages\/1111"}],"collection":[{"href":"https:\/\/verouvindo.com.br\/6verouvindo\/wp-json\/wp\/v2\/pages"}],"about":[{"href":"https:\/\/verouvindo.com.br\/6verouvindo\/wp-json\/wp\/v2\/types\/page"}],"author":[{"embeddable":true,"href":"https:\/\/verouvindo.com.br\/6verouvindo\/wp-json\/wp\/v2\/users\/4"}],"replies":[{"embeddable":true,"href":"https:\/\/verouvindo.com.br\/6verouvindo\/wp-json\/wp\/v2\/comments?post=1111"}],"version-history":[{"count":58,"href":"https:\/\/verouvindo.com.br\/6verouvindo\/wp-json\/wp\/v2\/pages\/1111\/revisions"}],"predecessor-version":[{"id":1414,"href":"https:\/\/verouvindo.com.br\/6verouvindo\/wp-json\/wp\/v2\/pages\/1111\/revisions\/1414"}],"wp:attachment":[{"href":"https:\/\/verouvindo.com.br\/6verouvindo\/wp-json\/wp\/v2\/media?parent=1111"}],"curies":[{"name":"wp","href":"https:\/\/api.w.org\/{rel}","templated":true}]}}